{"id":5276,"date":"2023-01-20T09:20:43","date_gmt":"2023-01-20T09:20:43","guid":{"rendered":"https:\/\/www.camaravalencia.com\/enlaces-de-interes\/"},"modified":"2023-01-20T09:24:15","modified_gmt":"2023-01-20T09:24:15","slug":"enlaces-de-interes","status":"publish","type":"page","link":"https:\/\/www.camaravalencia.com\/va\/enlaces-de-interes\/","title":{"rendered":"Enlla\u00e7os d&#8217;Inter\u00e9s"},"content":{"rendered":"<style>.elementor-5276 .elementor-element.elementor-element-1a0ec283 > .elementor-background-overlay{background-color:#FFFFFF00;opacity:0.5;}.elementor-5276 .elementor-element.elementor-element-1a0ec283{padding:30px 0px 30px 0px;}.elementor-5276 .elementor-element.elementor-element-2ac18e41{text-align:center;}.elementor-5276 .elementor-element.elementor-element-2ac18e41 .elementor-heading-title{font-family:\"Raleway\", Sans-serif;font-size:40px;font-weight:600;font-style:normal;color:#333333;}:root{--page-title-display:none;}<\/style>\t\t<div data-elementor-type=\"wp-page\" data-elementor-id=\"5276\" class=\"elementor elementor-5276 elementor-5269\" data-elementor-post-type=\"page\">\n\t\t\t\t\t\t<section class=\"elementor-section elementor-top-section elementor-element elementor-element-1a0ec283 servicios-pagina-container elementor-section-boxed elementor-section-height-default elementor-section-height-default\" data-id=\"1a0ec283\" data-element_type=\"section\" data-e-type=\"section\">\n\t\t\t\t\t\t\t<div class=\"elementor-background-overlay\"><\/div>\n\t\t\t\t\t\t\t<div class=\"elementor-container elementor-column-gap-default\">\n\t\t\t\t\t<div class=\"elementor-column elementor-col-100 elementor-top-column elementor-element elementor-element-5dc72fbd\" data-id=\"5dc72fbd\" data-element_type=\"column\" data-e-type=\"column\">\n\t\t\t<div class=\"elementor-widget-wrap elementor-element-populated\">\n\t\t\t\t\t\t<div class=\"elementor-element elementor-element-2ac18e41 servicios-pagina-titulo elementor-widget elementor-widget-heading\" data-id=\"2ac18e41\" data-element_type=\"widget\" data-e-type=\"widget\" data-widget_type=\"heading.default\">\n\t\t\t\t<div class=\"elementor-widget-container\">\n\t\t\t\t\t<h2 class=\"elementor-heading-title elementor-size-default\">Enlaces de Inter\u00e9s<\/h2>\t\t\t\t<\/div>\n\t\t\t\t<\/div>\n\t\t\t\t<div class=\"elementor-element elementor-element-450ec59f servicios-pagina-texto elementor-widget elementor-widget-text-editor\" data-id=\"450ec59f\" data-element_type=\"widget\" data-e-type=\"widget\" data-widget_type=\"text-editor.default\">\n\t\t\t\t<div class=\"elementor-widget-container\">\n\t\t\t\t\t\t\t\t\t<p class=\"ItemEnlaceInteres\"><a href=\"http:\/\/www.aimme.es\/\" target=\"_blank\" rel=\"noopener\"><span style=\"color: #0072bc;\">AIMME &#8211; Institut Tecnol\u00f2gic Metalmec\u00e0nic<\/span><\/a><\/p><p class=\"ItemEnlaceInteres\"><a href=\"http:\/\/www.tavernes.org\/\" target=\"_blank\" rel=\"noopener\"><span style=\"color: #0072bc;\">Ajuntament de Tavernes de la Valldigna<\/span><\/a><\/p><p class=\"ItemEnlaceInteres\"><a href=\"http:\/\/www.arvet.es\/\" target=\"_blank\" rel=\"noopener\"><span style=\"color: #0072bc;\">ARVET &#8211;\u00a0Agrupaci\u00f3 d\u2019Exportadors de Transformats<\/span><\/a><\/p><p class=\"ItemEnlaceInteres\"><a href=\"http:\/\/www.aico.org\/aico\" target=\"_blank\" rel=\"noopener\"><span style=\"color: #0072bc;\">Associaci\u00f3 Iberoamericana de Cambres de Comer\u00e7 &#8211; AICO &#8211;<\/span><\/a><\/p><p class=\"ItemEnlaceInteres\"><a href=\"http:\/\/www.ontinyent.ws\/\" target=\"_blank\" rel=\"noopener\"><span style=\"color: #0072bc;\">Ajuntament d&#8217;Ontinyent<\/span><\/a><\/p><p class=\"ItemEnlaceInteres\"><a href=\"http:\/\/www.portalemprendedorpaterna.com\/\" target=\"_blank\" rel=\"noopener\"><span style=\"color: #0072bc;\">Ajuntament de Paterna<\/span><\/a><\/p><p class=\"ItemEnlaceInteres\"><a href=\"https:\/\/www.camaravalencia.com\/es-ES\/enlaces_interes\/Documents\/Paterna_Ciudad_de_Negocios.pdf\" target=\"_blank\" rel=\"noopener\"><span style=\"color: #0072bc;\">Ajuntament de Paterna &#8211; &#8220;Invertir\u00a0a Paterna&#8221; (Val\u00e8ncia\/Espanya)<\/span><\/a><\/p><p class=\"ItemEnlaceInteres\"><a href=\"http:\/\/www.sueca.es\/\" target=\"_blank\" rel=\"noopener\"><span style=\"color: #0072bc;\">Ajuntament de Sueca<\/span><\/a><\/p><p class=\"ItemEnlaceInteres\"><a href=\"http:\/\/www.atorrent.es\/\" target=\"_blank\" rel=\"noopener\"><span style=\"color: #0072bc;\">Ajuntament de Torrent<\/span><\/a><\/p><p class=\"ItemEnlaceInteres\"><a href=\"http:\/\/www.utiel.es\/\" target=\"_blank\" rel=\"noopener\"><span style=\"color: #0072bc;\">Ajuntament d&#8217;Utiel<\/span><\/a><\/p><p class=\"ItemEnlaceInteres\"><a href=\"http:\/\/www.ayto-valencia.es\/\" target=\"_blank\" rel=\"noopener\"><span style=\"color: #0072bc;\">Ajuntament de Val\u00e8ncia<\/span><\/a><\/p><p class=\"ItemEnlaceInteres\"><a href=\"http:\/\/www.valenciaemprende.es\/\" target=\"_blank\" rel=\"noopener\"><span style=\"color: #0072bc;\">Ajuntament de Val\u00e8ncia- Val\u00e8ncia empr\u00e9n<\/span><\/a><\/p><p class=\"ItemEnlaceInteres\"><a href=\"http:\/\/www.xativa.es\/\" target=\"_blank\" rel=\"noopener\"><span style=\"color: #0072bc;\">Ajuntament de X\u00e0tiva<\/span><\/a><\/p><p class=\"ItemEnlaceInteres\"><a href=\"http:\/\/www.eurochambres.eu\/Content\/Default.asp?PageID=275\" target=\"_blank\" rel=\"noopener\"><span style=\"color: #0072bc;\">Chamberpass<\/span><\/a><\/p><p class=\"ItemEnlaceInteres\"><a href=\"http:\/\/www.cofides.es\/\" target=\"_blank\" rel=\"noopener\"><span style=\"color: #0072bc;\">COFIDES<\/span><\/a><\/p><p class=\"ItemEnlaceInteres\"><a href=\"http:\/\/www.coacvalencia.es\/\" target=\"_blank\" rel=\"noopener\"><span style=\"color: #0072bc;\">Col\u00b7legi Oficial d\u2019Agents Comercials de Val\u00e8ncia<\/span><\/a><\/p><p class=\"ItemEnlaceInteres\"><a href=\"http:\/\/www.comunitat-valenciana.com\/\" target=\"_blank\" rel=\"noopener\"><span style=\"color: #0072bc;\">Comunitat Valenciana Turisme<\/span><\/a><\/p><p class=\"ItemEnlaceInteres\"><a href=\"http:\/\/www.cscamaras.es\/\" target=\"_blank\" rel=\"noopener\"><span style=\"color: #0072bc;\">Consell Superior de Cambres d\u2019Espanya<\/span><\/a><\/p><p class=\"ItemEnlaceInteres\"><a href=\"http:\/\/www.icex.es\/icex\/cda\/controller\/pageICEX\/0,6558,5518394_5518983_5586834_645575_0_-1,00.html\" target=\"_blank\" rel=\"noopener\"><span style=\"color: #0072bc;\">Cooperaci\u00f3 al Desenrotllament<\/span><\/a><\/p><p class=\"ItemEnlaceInteres\"><a href=\"http:\/\/www.dival.es\/\" target=\"_blank\" rel=\"noopener\"><span style=\"color: #0072bc;\">Diputaci\u00f3 de Val\u00e8ncia<\/span><\/a><\/p><p class=\"ItemEnlaceInteres\"><a href=\"http:\/\/www.ipyme.org\/\" target=\"_blank\" rel=\"noopener\"><span style=\"color: #0072bc;\">Direcci\u00f3 General de la Pol\u00edtica de la Petita i Mitjana Empresa<\/span><\/a><\/p><p class=\"ItemEnlaceInteres\"><a href=\"http:\/\/www.epsar.gva.es\/\" target=\"_blank\" rel=\"noopener\"><span style=\"color: #0072bc;\">Entitat de Sanejament D&#8217;Aig\u00fces<\/span><\/a><\/p><p class=\"ItemEnlaceInteres\"><a href=\"http:\/\/www.femeval.es\/\" target=\"_blank\" rel=\"noopener\"><span style=\"color: #0072bc;\">Federaci\u00f3 Empresarial Metal\u00b7l\u00fargica Valenciana<\/span><\/a><\/p><p class=\"ItemEnlaceInteres\"><a href=\"http:\/\/www.feriavalencia.com\/\" target=\"_blank\" rel=\"noopener\"><span style=\"color: #0072bc;\">Fira de Mostres de Val\u00e8ncia<\/span><\/a><\/p><p class=\"ItemEnlaceInteres\"><a href=\"http:\/\/www.fevalco.org\/\" target=\"_blank\" rel=\"noopener\"><span style=\"color: #0072bc;\">FEVALCO<\/span><\/a><\/p><p class=\"ItemEnlaceInteres\"><a href=\"http:\/\/www.florida.es\/web_es\/home.php\" target=\"_blank\" rel=\"noopener\"><span style=\"color: #0072bc;\">Florida Centre de Formaci\u00f3<\/span><\/a><\/p><p class=\"ItemEnlaceInteres\"><a href=\"http:\/\/www.sierra-calderona.es\/esp\/fundacion\/\" target=\"_blank\" rel=\"noopener\"><span style=\"color: #0072bc;\">Fundaci\u00f3 Serra Calderona<\/span><\/a><\/p><p class=\"ItemEnlaceInteres\"><a href=\"http:\/\/www.gva.es\/\" target=\"_blank\" rel=\"noopener\"><span style=\"color: #0072bc;\">Generalitat Valenciana<\/span><\/a><\/p><p class=\"ItemEnlaceInteres\"><a href=\"http:\/\/www.iberia.es\/\" target=\"_blank\" rel=\"noopener\"><span style=\"color: #0072bc;\">Iberia L\u00edneas A\u00e9reas d\u2019Espa\u00f1a, S.A.<\/span><\/a><\/p><p class=\"ItemEnlaceInteres\"><a href=\"http:\/\/www.ico.es\/\" target=\"_blank\" rel=\"noopener\"><span style=\"color: #0072bc;\">ICO<\/span><\/a><\/p><p class=\"ItemEnlaceInteres\"><a href=\"http:\/\/www.iet.tourspain.es\/\" target=\"_blank\" rel=\"noopener\"><span style=\"color: #0072bc;\">Institut d&#8217;Estudis Tur\u00edstics<\/span><\/a><\/p><p class=\"ItemEnlaceInteres\"><a href=\"http:\/\/www.icex.es\/\" target=\"_blank\" rel=\"noopener\"><span style=\"color: #0072bc;\">Institut Espanyol de Comer\u00e7 Exterior (ICEX)<\/span><\/a><\/p><p class=\"ItemEnlaceInteres\"><a href=\"http:\/\/www.ivace.com\/\" target=\"_blank\" rel=\"noopener\"><span style=\"color: #0072bc;\">Institut Valenci\u00e0 de Competitivitat Empresarial (IVACE)<\/span><\/a><\/p><p class=\"ItemEnlaceInteres\"><a href=\"http:\/\/www.ivex.es\/\" target=\"_blank\" rel=\"noopener\"><span style=\"color: #0072bc;\">Institut Valenci\u00e0 de l\u2019Exportaci\u00f3 (IVEX)<\/span><\/a><\/p><p class=\"ItemEnlaceInteres\"><a href=\"http:\/\/www.five.es\/\" target=\"_blank\" rel=\"noopener\"><span style=\"color: #0072bc;\">IVE (Institut Valenci\u00e0 de l\u2019Edificaci\u00f3)<\/span><\/a><\/p><p class=\"ItemEnlaceInteres\"><a href=\"http:\/\/www.ivefa.com\/\" target=\"_blank\" rel=\"noopener\"><span style=\"color: #0072bc;\">IVEFA &#8211;\u00a0 Institut Valenci\u00e0 per a l\u2019Estudi de l\u2019Empresa Familiar<\/span><\/a><\/p><p class=\"ItemEnlaceInteres\"><a href=\"http:\/\/www.plancameral.org\/\" target=\"_blank\" rel=\"noopener\"><span style=\"color: #0072bc;\">Pla Cameral de Promoci\u00f3 a les Exportacions<\/span><\/a><\/p><p class=\"ItemEnlaceInteres\"><a href=\"http:\/\/www.valenciaport.com\/\" target=\"_blank\" rel=\"noopener\"><span style=\"color: #0072bc;\">Port de Val\u00e8ncia<\/span><\/a><\/p><p class=\"ItemEnlaceInteres\"><a href=\"http:\/\/www.feriavalencia.com\/sif\" target=\"_blank\" rel=\"noopener\"><span style=\"color: #0072bc;\">Sal\u00f3 Internacional Franqu\u00edcia<\/span><\/a><\/p><p class=\"dfwp-item\"><a href=\"http:\/\/www.gva.es\/servef\/\" target=\"_blank\" rel=\"noopener\"><span style=\"color: #0072bc;\">Servef<\/span><\/a><\/p><p class=\"ItemEnlaceInteres\"><a href=\"http:\/\/www.sie.upv.es\/\" target=\"_blank\" rel=\"noopener\"><span style=\"color: #0072bc;\">Servici Integrat d\u2019Ocupaci\u00f3 Universitat Polit\u00e8cnica de Val\u00e8ncia<\/span><\/a><\/p><p class=\"ItemEnlaceInteres\"><a href=\"http:\/\/www.tvvi.es\/\" target=\"_blank\" rel=\"noopener\"><span style=\"color: #0072bc;\">Televisi\u00f3 Valenciana Internacional<\/span><\/a><\/p><p class=\"ItemEnlaceInteres\"><a href=\"http:\/\/www.tourspain.es\/\" target=\"_blank\" rel=\"noopener\"><span style=\"color: #0072bc;\">Turespa\u00f1a<\/span><\/a><\/p><p class=\"ItemEnlaceInteres\"><a href=\"http:\/\/www.turisvalencia.es\/\" target=\"_blank\" rel=\"noopener\"><span style=\"color: #0072bc;\">Turisme Val\u00e8ncia<\/span><\/a><\/p><p class=\"ItemEnlaceInteres\"><a href=\"http:\/\/www.vlc-campus.com\/\" target=\"_blank\" rel=\"noopener\"><span style=\"color: #0072bc;\">VLC\/CAMPUS \u2013 Val\u00e8ncia, International Campus of Excellence<\/span><\/a><\/p>\t\t\t\t\t\t\t\t<\/div>\n\t\t\t\t<\/div>\n\t\t\t\t\t<\/div>\n\t\t<\/div>\n\t\t\t\t\t<\/div>\n\t\t<\/section>\n\t\t\t\t<\/div>\n\t\t","protected":false},"excerpt":{"rendered":"<p>Enlaces de Inter\u00e9s AIMME &#8211; Institut Tecnol\u00f2gic Metalmec\u00e0nic Ajuntament de Tavernes de la Valldigna ARVET &#8211;\u00a0Agrupaci\u00f3 d\u2019Exportadors de Transformats Associaci\u00f3 Iberoamericana de Cambres de Comer\u00e7 &#8211; AICO &#8211; Ajuntament d&#8217;Ontinyent Ajuntament de Paterna Ajuntament de Paterna &#8211; &#8220;Invertir\u00a0a Paterna&#8221; (Val\u00e8ncia\/Espanya) Ajuntament de Sueca Ajuntament de Torrent Ajuntament d&#8217;Utiel Ajuntament de Val\u00e8ncia Ajuntament de Val\u00e8ncia- Val\u00e8ncia [&hellip;]<\/p>\n","protected":false},"author":2,"featured_media":0,"parent":0,"menu_order":0,"comment_status":"closed","ping_status":"closed","template":"","meta":{"_acf_changed":false,"footnotes":""},"class_list":["post-5276","page","type-page","status-publish","hentry"],"acf":[],"yoast_head":"<!-- This site is optimized with the Yoast SEO plugin v27.3 - https:\/\/yoast.com\/product\/yoast-seo-wordpress\/ -->\n<title>Enlla\u00e7os d&#039;Inter\u00e9s - C\u00e1mara de Comercio de Valencia<\/title>\n<meta name=\"description\" content=\"El directorio de empresas, los programas de comercio internacional, y la bolsa de trabajo son algunos de los servicios m\u00e1s destacados de la C\u00e1mara de Comercio de Valencia. Pero adem\u00e1s, tendr\u00e1 a su disposici\u00f3n toda la actualidad y las noticias econ\u00f3micas, programas de creaci\u00f3n de empresas, subvenciones, licitaciones y concursos...\" \/>\n<meta name=\"robots\" content=\"index, follow, max-snippet:-1, max-image-preview:large, max-video-preview:-1\" \/>\n<link rel=\"canonical\" href=\"https:\/\/www.camaravalencia.com\/va\/enlaces-de-interes\/\" \/>\n<meta property=\"og:locale\" content=\"en_US\" \/>\n<meta property=\"og:type\" content=\"article\" \/>\n<meta property=\"og:title\" content=\"Enlla\u00e7os d&#039;Inter\u00e9s - C\u00e1mara de Comercio de Valencia\" \/>\n<meta property=\"og:description\" content=\"El directorio de empresas, los programas de comercio internacional, y la bolsa de trabajo son algunos de los servicios m\u00e1s destacados de la C\u00e1mara de Comercio de Valencia. Pero adem\u00e1s, tendr\u00e1 a su disposici\u00f3n toda la actualidad y las noticias econ\u00f3micas, programas de creaci\u00f3n de empresas, subvenciones, licitaciones y concursos...\" \/>\n<meta property=\"og:url\" content=\"https:\/\/www.camaravalencia.com\/va\/enlaces-de-interes\" \/>\n<meta property=\"og:site_name\" content=\"C\u00e1mara de Comercio de Valencia\" \/>\n<meta property=\"article:publisher\" content=\"http:\/\/www.facebook.com\/camaracomerciovalencia\/\" \/>\n<meta property=\"article:modified_time\" content=\"2023-01-20T09:24:15+00:00\" \/>\n<meta property=\"og:image\" content=\"https:\/\/www.camaravalencia.com\/wp-content\/uploads\/2023\/01\/logo-camara-valencia-300x300-1.png\" \/>\n\t<meta property=\"og:image:width\" content=\"300\" \/>\n\t<meta property=\"og:image:height\" content=\"300\" \/>\n\t<meta property=\"og:image:type\" content=\"image\/png\" \/>\n<meta name=\"twitter:card\" content=\"summary_large_image\" \/>\n<meta name=\"twitter:site\" content=\"@camaravalencia\" \/>\n<meta name=\"twitter:label1\" content=\"Est. reading time\" \/>\n\t<meta name=\"twitter:data1\" content=\"1 minute\" \/>\n<script type=\"application\/ld+json\" class=\"yoast-schema-graph\">{\"@context\":\"https:\\\/\\\/schema.org\",\"@graph\":[{\"@type\":\"WebPage\",\"@id\":\"https:\\\/\\\/www.camaravalencia.com\\\/va\\\/enlaces-de-interes\\\/\",\"url\":\"https:\\\/\\\/www.camaravalencia.com\\\/va\\\/enlaces-de-interes\\\/\",\"name\":\"Enlla\u00e7os d'Inter\u00e9s - C\u00e1mara de Comercio de Valencia\",\"isPartOf\":{\"@id\":\"https:\\\/\\\/www.camaravalencia.com\\\/va\\\/#website\"},\"datePublished\":\"2023-01-20T09:20:43+00:00\",\"dateModified\":\"2023-01-20T09:24:15+00:00\",\"description\":\"El directorio de empresas, los programas de comercio internacional, y la bolsa de trabajo son algunos de los servicios m\u00e1s destacados de la C\u00e1mara de Comercio de Valencia. Pero adem\u00e1s, tendr\u00e1 a su disposici\u00f3n toda la actualidad y las noticias econ\u00f3micas, programas de creaci\u00f3n de empresas, subvenciones, licitaciones y concursos...\",\"breadcrumb\":{\"@id\":\"https:\\\/\\\/www.camaravalencia.com\\\/va\\\/enlaces-de-interes\\\/#breadcrumb\"},\"inLanguage\":\"va\",\"potentialAction\":[{\"@type\":\"ReadAction\",\"target\":[\"https:\\\/\\\/www.camaravalencia.com\\\/va\\\/enlaces-de-interes\\\/\"]}]},{\"@type\":\"BreadcrumbList\",\"@id\":\"https:\\\/\\\/www.camaravalencia.com\\\/va\\\/enlaces-de-interes\\\/#breadcrumb\",\"itemListElement\":[{\"@type\":\"ListItem\",\"position\":1,\"name\":\"Perfil del Contratante\",\"item\":\"https:\\\/\\\/www.camaravalencia.com\\\/va\\\/\"},{\"@type\":\"ListItem\",\"position\":2,\"name\":\"Enlla\u00e7os d&#8217;Inter\u00e9s\"}]},{\"@type\":\"WebSite\",\"@id\":\"https:\\\/\\\/www.camaravalencia.com\\\/va\\\/#website\",\"url\":\"https:\\\/\\\/www.camaravalencia.com\\\/va\\\/\",\"name\":\"C\u00e1mara de Comercio de Valencia\",\"description\":\"El directorio de empresas, los programas de comercio internacional, y la bolsa de trabajo son algunos de los servicios m\u00e1s destacados de la C\u00e1mara de Comercio de Valencia Pero adem\u00e1s, tendr\u00e1 a su disposici\u00f3n toda la actualidad y las noticias econ\u00f3micas, programas de creaci\u00f3n de empresas, subvenciones, licitaciones y concursos, etc\",\"publisher\":{\"@id\":\"https:\\\/\\\/www.camaravalencia.com\\\/va\\\/#organization\"},\"potentialAction\":[{\"@type\":\"SearchAction\",\"target\":{\"@type\":\"EntryPoint\",\"urlTemplate\":\"https:\\\/\\\/www.camaravalencia.com\\\/va\\\/?s={search_term_string}\"},\"query-input\":{\"@type\":\"PropertyValueSpecification\",\"valueRequired\":true,\"valueName\":\"search_term_string\"}}],\"inLanguage\":\"va\"},{\"@type\":\"Organization\",\"@id\":\"https:\\\/\\\/www.camaravalencia.com\\\/va\\\/#organization\",\"name\":\"C\u00e1mara de Comercio de Valencia\",\"url\":\"https:\\\/\\\/www.camaravalencia.com\\\/va\\\/\",\"logo\":{\"@type\":\"ImageObject\",\"inLanguage\":\"va\",\"@id\":\"https:\\\/\\\/www.camaravalencia.com\\\/va\\\/#\\\/schema\\\/logo\\\/image\\\/\",\"url\":\"https:\\\/\\\/www.camaravalencia.com\\\/wp-content\\\/uploads\\\/2023\\\/01\\\/logo-camara-valencia-300x300-1.png\",\"contentUrl\":\"https:\\\/\\\/www.camaravalencia.com\\\/wp-content\\\/uploads\\\/2023\\\/01\\\/logo-camara-valencia-300x300-1.png\",\"width\":300,\"height\":300,\"caption\":\"C\u00e1mara de Comercio de Valencia\"},\"image\":{\"@id\":\"https:\\\/\\\/www.camaravalencia.com\\\/va\\\/#\\\/schema\\\/logo\\\/image\\\/\"},\"sameAs\":[\"http:\\\/\\\/www.facebook.com\\\/camaracomerciovalencia\\\/\",\"https:\\\/\\\/x.com\\\/camaravalencia\",\"https:\\\/\\\/www.youtube.com\\\/user\\\/CamaraVLC\",\"https:\\\/\\\/www.pinterest.es\\\/empleoytalento\\\/\",\"https:\\\/\\\/www.linkedin.com\\\/company\\\/camara-valencia\\\/\"]}]}<\/script>\n<!-- \/ Yoast SEO plugin. -->","yoast_head_json":{"title":"Enlla\u00e7os d'Inter\u00e9s - C\u00e1mara de Comercio de Valencia","description":"El directorio de empresas, los programas de comercio internacional, y la bolsa de trabajo son algunos de los servicios m\u00e1s destacados de la C\u00e1mara de Comercio de Valencia. Pero adem\u00e1s, tendr\u00e1 a su disposici\u00f3n toda la actualidad y las noticias econ\u00f3micas, programas de creaci\u00f3n de empresas, subvenciones, licitaciones y concursos...","robots":{"index":"index","follow":"follow","max-snippet":"max-snippet:-1","max-image-preview":"max-image-preview:large","max-video-preview":"max-video-preview:-1"},"canonical":"https:\/\/www.camaravalencia.com\/va\/enlaces-de-interes\/","og_locale":"en_US","og_type":"article","og_title":"Enlla\u00e7os d'Inter\u00e9s - C\u00e1mara de Comercio de Valencia","og_description":"El directorio de empresas, los programas de comercio internacional, y la bolsa de trabajo son algunos de los servicios m\u00e1s destacados de la C\u00e1mara de Comercio de Valencia. Pero adem\u00e1s, tendr\u00e1 a su disposici\u00f3n toda la actualidad y las noticias econ\u00f3micas, programas de creaci\u00f3n de empresas, subvenciones, licitaciones y concursos...","og_url":"https:\/\/www.camaravalencia.com\/va\/enlaces-de-interes","og_site_name":"C\u00e1mara de Comercio de Valencia","article_publisher":"http:\/\/www.facebook.com\/camaracomerciovalencia\/","article_modified_time":"2023-01-20T09:24:15+00:00","og_image":[{"width":300,"height":300,"url":"https:\/\/www.camaravalencia.com\/wp-content\/uploads\/2023\/01\/logo-camara-valencia-300x300-1.png","type":"image\/png"}],"twitter_card":"summary_large_image","twitter_site":"@camaravalencia","twitter_misc":{"Est. reading time":"1 minute"},"schema":{"@context":"https:\/\/schema.org","@graph":[{"@type":"WebPage","@id":"https:\/\/www.camaravalencia.com\/va\/enlaces-de-interes\/","url":"https:\/\/www.camaravalencia.com\/va\/enlaces-de-interes\/","name":"Enlla\u00e7os d'Inter\u00e9s - C\u00e1mara de Comercio de Valencia","isPartOf":{"@id":"https:\/\/www.camaravalencia.com\/va\/#website"},"datePublished":"2023-01-20T09:20:43+00:00","dateModified":"2023-01-20T09:24:15+00:00","description":"El directorio de empresas, los programas de comercio internacional, y la bolsa de trabajo son algunos de los servicios m\u00e1s destacados de la C\u00e1mara de Comercio de Valencia. Pero adem\u00e1s, tendr\u00e1 a su disposici\u00f3n toda la actualidad y las noticias econ\u00f3micas, programas de creaci\u00f3n de empresas, subvenciones, licitaciones y concursos...","breadcrumb":{"@id":"https:\/\/www.camaravalencia.com\/va\/enlaces-de-interes\/#breadcrumb"},"inLanguage":"va","potentialAction":[{"@type":"ReadAction","target":["https:\/\/www.camaravalencia.com\/va\/enlaces-de-interes\/"]}]},{"@type":"BreadcrumbList","@id":"https:\/\/www.camaravalencia.com\/va\/enlaces-de-interes\/#breadcrumb","itemListElement":[{"@type":"ListItem","position":1,"name":"Perfil del Contratante","item":"https:\/\/www.camaravalencia.com\/va\/"},{"@type":"ListItem","position":2,"name":"Enlla\u00e7os d&#8217;Inter\u00e9s"}]},{"@type":"WebSite","@id":"https:\/\/www.camaravalencia.com\/va\/#website","url":"https:\/\/www.camaravalencia.com\/va\/","name":"C\u00e1mara de Comercio de Valencia","description":"El directorio de empresas, los programas de comercio internacional, y la bolsa de trabajo son algunos de los servicios m\u00e1s destacados de la C\u00e1mara de Comercio de Valencia Pero adem\u00e1s, tendr\u00e1 a su disposici\u00f3n toda la actualidad y las noticias econ\u00f3micas, programas de creaci\u00f3n de empresas, subvenciones, licitaciones y concursos, etc","publisher":{"@id":"https:\/\/www.camaravalencia.com\/va\/#organization"},"potentialAction":[{"@type":"SearchAction","target":{"@type":"EntryPoint","urlTemplate":"https:\/\/www.camaravalencia.com\/va\/?s={search_term_string}"},"query-input":{"@type":"PropertyValueSpecification","valueRequired":true,"valueName":"search_term_string"}}],"inLanguage":"va"},{"@type":"Organization","@id":"https:\/\/www.camaravalencia.com\/va\/#organization","name":"C\u00e1mara de Comercio de Valencia","url":"https:\/\/www.camaravalencia.com\/va\/","logo":{"@type":"ImageObject","inLanguage":"va","@id":"https:\/\/www.camaravalencia.com\/va\/#\/schema\/logo\/image\/","url":"https:\/\/www.camaravalencia.com\/wp-content\/uploads\/2023\/01\/logo-camara-valencia-300x300-1.png","contentUrl":"https:\/\/www.camaravalencia.com\/wp-content\/uploads\/2023\/01\/logo-camara-valencia-300x300-1.png","width":300,"height":300,"caption":"C\u00e1mara de Comercio de Valencia"},"image":{"@id":"https:\/\/www.camaravalencia.com\/va\/#\/schema\/logo\/image\/"},"sameAs":["http:\/\/www.facebook.com\/camaracomerciovalencia\/","https:\/\/x.com\/camaravalencia","https:\/\/www.youtube.com\/user\/CamaraVLC","https:\/\/www.pinterest.es\/empleoytalento\/","https:\/\/www.linkedin.com\/company\/camara-valencia\/"]}]}},"_links":{"self":[{"href":"https:\/\/www.camaravalencia.com\/va\/wp-json\/wp\/v2\/pages\/5276","targetHints":{"allow":["GET"]}}],"collection":[{"href":"https:\/\/www.camaravalencia.com\/va\/wp-json\/wp\/v2\/pages"}],"about":[{"href":"https:\/\/www.camaravalencia.com\/va\/wp-json\/wp\/v2\/types\/page"}],"author":[{"embeddable":true,"href":"https:\/\/www.camaravalencia.com\/va\/wp-json\/wp\/v2\/users\/2"}],"replies":[{"embeddable":true,"href":"https:\/\/www.camaravalencia.com\/va\/wp-json\/wp\/v2\/comments?post=5276"}],"version-history":[{"count":1,"href":"https:\/\/www.camaravalencia.com\/va\/wp-json\/wp\/v2\/pages\/5276\/revisions"}],"predecessor-version":[{"id":5277,"href":"https:\/\/www.camaravalencia.com\/va\/wp-json\/wp\/v2\/pages\/5276\/revisions\/5277"}],"wp:attachment":[{"href":"https:\/\/www.camaravalencia.com\/va\/wp-json\/wp\/v2\/media?parent=5276"}],"curies":[{"name":"wp","href":"https:\/\/api.w.org\/{rel}","templated":true}]}}