{"id":63054,"date":"2023-03-15T12:18:24","date_gmt":"2023-03-15T10:18:24","guid":{"rendered":"https:\/\/www.camaravalencia.com\/masters"},"modified":"2026-01-15T09:00:55","modified_gmt":"2026-01-15T07:00:55","slug":"masters","status":"publish","type":"page","link":"https:\/\/www.camaravalencia.com\/va\/masters\/","title":{"rendered":"M\u00e0sters"},"content":{"rendered":"<style>.elementor-63054 .elementor-element.elementor-element-13894527 > .elementor-container{min-height:45vh;}.elementor-63054 .elementor-element.elementor-element-13894527 > .elementor-container > .elementor-column > .elementor-widget-wrap{align-content:center;align-items:center;}.elementor-63054 .elementor-element.elementor-element-13894527:not(.elementor-motion-effects-element-type-background), .elementor-63054 .elementor-element.elementor-element-13894527 > .elementor-motion-effects-container > .elementor-motion-effects-layer{background-color:#ffffff;background-image:url(\"https:\/\/www.camaravalencia.com\/wp-content\/uploads\/2025\/04\/happy-businesswoman-talking-to-her-colleague-in-th-2025-03-20-03-47-54-utc-scaled.jpg\");background-position:0px -405px;background-repeat:no-repeat;background-size:cover;}.elementor-63054 .elementor-element.elementor-element-13894527 > .elementor-background-overlay{background-color:#000000;opacity:0.5;transition:background 0.3s, border-radius 0.3s, opacity 0.3s;}.elementor-63054 .elementor-element.elementor-element-13894527{transition:background 0.3s, border 0.3s, border-radius 0.3s, box-shadow 0.3s;}.elementor-63054 .elementor-element.elementor-element-2d744fc9 > .elementor-widget-wrap > .elementor-widget:not(.elementor-widget__width-auto):not(.elementor-widget__width-initial):not(:last-child):not(.elementor-absolute){margin-block-end:0px;}.elementor-63054 .elementor-element.elementor-element-2d744fc9 > .elementor-element-populated{padding:0% 30% 0% 1%;}.elementor-63054 .elementor-element.elementor-element-7504438 .elementor-heading-title{font-family:\"Poppins\", Sans-serif;font-size:20px;font-weight:500;text-transform:uppercase;letter-spacing:1.5px;color:#ffffff;}.elementor-63054 .elementor-element.elementor-element-30b5a4bd .elementor-heading-title{font-family:\"Poppins\", Sans-serif;font-size:65px;font-weight:500;line-height:1.2em;color:#ffffff;}.elementor-63054 .elementor-element.elementor-element-30b5a4bd > .elementor-widget-container{padding:0px 0px 0px 0px;}.elementor-63054 .elementor-element.elementor-element-f19bc19:not(.elementor-motion-effects-element-type-background), .elementor-63054 .elementor-element.elementor-element-f19bc19 > .elementor-motion-effects-container > .elementor-motion-effects-layer{background-color:#F6F6F6;}.elementor-63054 .elementor-element.elementor-element-f19bc19{transition:background 0.3s, border 0.3s, border-radius 0.3s, box-shadow 0.3s;margin-top:0px;margin-bottom:0px;padding:50px 0px 0px 0px;}.elementor-63054 .elementor-element.elementor-element-f19bc19 > .elementor-background-overlay{transition:background 0.3s, border-radius 0.3s, opacity 0.3s;}.elementor-63054 .elementor-element.elementor-element-f71cbfe > .elementor-element-populated{margin:0px 0px 100px 0px;--e-column-margin-right:0px;--e-column-margin-left:0px;padding:0px 0px 0px 0px;}.elementor-63054 .elementor-element.elementor-element-518ea87 > .elementor-widget-container{margin:0px 0px 0px 0px;padding:0px 0px 0px 0px;}:root{--page-title-display:none;}body.elementor-page-63054:not(.elementor-motion-effects-element-type-background), body.elementor-page-63054 > .elementor-motion-effects-container > .elementor-motion-effects-layer{background-color:#FFFFFF;}@media(max-width:1024px){.elementor-63054 .elementor-element.elementor-element-13894527 > .elementor-container{min-height:800px;}.elementor-63054 .elementor-element.elementor-element-13894527:not(.elementor-motion-effects-element-type-background), .elementor-63054 .elementor-element.elementor-element-13894527 > .elementor-motion-effects-container > .elementor-motion-effects-layer{background-position:0px 0px;}.elementor-63054 .elementor-element.elementor-element-13894527{padding:0px 25px 0px 25px;}.elementor-63054 .elementor-element.elementor-element-2d744fc9 > .elementor-element-populated{padding:40px 40px 40px 40px;}}@media(max-width:767px){.elementor-63054 .elementor-element.elementor-element-13894527 > .elementor-container{min-height:612px;}.elementor-63054 .elementor-element.elementor-element-13894527:not(.elementor-motion-effects-element-type-background), .elementor-63054 .elementor-element.elementor-element-13894527 > .elementor-motion-effects-container > .elementor-motion-effects-layer{background-position:0px 0px;}.elementor-63054 .elementor-element.elementor-element-13894527{padding:0px 20px 0px 20px;}.elementor-63054 .elementor-element.elementor-element-2d744fc9 > .elementor-element-populated{padding:0px 0px 0px 0px;}.elementor-63054 .elementor-element.elementor-element-30b5a4bd .elementor-heading-title{font-size:39px;}}<\/style>\t\t<div data-elementor-type=\"wp-page\" data-elementor-id=\"63054\" class=\"elementor elementor-63054 elementor-10030\" data-elementor-post-type=\"page\">\n\t\t\t\t\t\t<section class=\"elementor-section elementor-top-section elementor-element elementor-element-13894527 elementor-section-height-min-height elementor-section-content-middle elementor-section-boxed elementor-section-height-default elementor-section-items-middle\" data-id=\"13894527\" data-element_type=\"section\" data-e-type=\"section\" data-settings=\"{&quot;background_background&quot;:&quot;classic&quot;}\">\n\t\t\t\t\t\t\t<div class=\"elementor-background-overlay\"><\/div>\n\t\t\t\t\t\t\t<div class=\"elementor-container elementor-column-gap-default\">\n\t\t\t\t\t<div class=\"elementor-column elementor-col-100 elementor-top-column elementor-element elementor-element-2d744fc9\" data-id=\"2d744fc9\" data-element_type=\"column\" data-e-type=\"column\">\n\t\t\t<div class=\"elementor-widget-wrap elementor-element-populated\">\n\t\t\t\t\t\t<div class=\"elementor-element elementor-element-7504438 elementor-widget elementor-widget-heading\" data-id=\"7504438\" data-element_type=\"widget\" data-e-type=\"widget\" data-widget_type=\"heading.default\">\n\t\t\t\t<div class=\"elementor-widget-container\">\n\t\t\t\t\t<h2 class=\"elementor-heading-title elementor-size-default\">Formaci\u00f3n Executive - M\u00e1steres<\/h2>\t\t\t\t<\/div>\n\t\t\t\t<\/div>\n\t\t\t\t<div class=\"elementor-element elementor-element-30b5a4bd elementor-widget elementor-widget-heading\" data-id=\"30b5a4bd\" data-element_type=\"widget\" data-e-type=\"widget\" data-widget_type=\"heading.default\">\n\t\t\t\t<div class=\"elementor-widget-container\">\n\t\t\t\t\t<h1 class=\"elementor-heading-title elementor-size-default\">Prep\u00e1rate para liderar el futuro empresarial<\/h1>\t\t\t\t<\/div>\n\t\t\t\t<\/div>\n\t\t\t\t\t<\/div>\n\t\t<\/div>\n\t\t\t\t\t<\/div>\n\t\t<\/section>\n\t\t\t\t<section class=\"elementor-section elementor-top-section elementor-element elementor-element-f19bc19 elementor-section-boxed elementor-section-height-default elementor-section-height-default\" data-id=\"f19bc19\" data-element_type=\"section\" data-e-type=\"section\" data-settings=\"{&quot;background_background&quot;:&quot;classic&quot;}\">\n\t\t\t\t\t\t<div class=\"elementor-container elementor-column-gap-default\">\n\t\t\t\t\t<div class=\"elementor-column elementor-col-100 elementor-top-column elementor-element elementor-element-f71cbfe\" data-id=\"f71cbfe\" data-element_type=\"column\" data-e-type=\"column\">\n\t\t\t<div class=\"elementor-widget-wrap elementor-element-populated\">\n\t\t\t\t\t\t<div class=\"elementor-element elementor-element-518ea87 elementor-widget elementor-widget-shortcode\" data-id=\"518ea87\" data-element_type=\"widget\" data-e-type=\"widget\" data-widget_type=\"shortcode.default\">\n\t\t\t\t<div class=\"elementor-widget-container\">\n\t\t\t\t\t\t\t<div class=\"elementor-shortcode\"><div id=\"oferta_formacion\"><select name=\"area\"><option value=\"\" selected=\"\">\u00c1rea (Todos)<\/option><\/select><div id=\"contenedor_ofertas\"><div class=\"elementor-container elementor-column-gap-default\"><div class=\"elementor-column elementor-col-25\"><div class=\"elementor-widget-wrap elementor-element-populated\">\r\n\t\t<div class=\"item-oferta\" itinerario=\"0\" tipo=\"117\" area=\"124\" modalidad=\"presencial\" style=\"border-top:5px solid \">\r\n\t\t\t<a href=\"https:\/\/www.camaravalencia.com\/formacion\/executive-mba\" target=\"_self\"><img decoding=\"async\" src=\"https:\/\/www.camaravalencia.com\/wp-content\/uploads\/2023\/02\/250x200-px.png\" alt=\"Executive MBA\">\r\n\t\t\t<\/a>\r\n\t\t\t<div>\r\n\t\t\t\t<div class=\"titulo_tipo\" style=\"color:\">M\u00e1ster<\/div>\r\n\t\t\t\t<div class=\"tipo\"><\/div>\r\n\t\t\t\t\t<a href=\"https:\/\/www.camaravalencia.com\/formacion\/executive-mba\" target=\"_self\">\r\n\t\t\t\t\t\t<h2>Executive MBA<\/h2>\r\n\t\t\t\t\t<\/a>\r\n\t\t\t\t<div class=\"info\">\r\n\t\t\t\t\t<div class=\"horas\"><b>Horas: <\/b>500<\/div><div class=\"horas\"><b>Modalidad: <\/b>presencial<\/div>\r\n\r\n\t\t\t\t\t<div class=\"fecha\">16\/10\/2026 - 17\/07\/2027<\/div>\r\n\t\t\t\t<\/div>\r\n\t\t\t\t<div class=\"precio\">8.780<sup>\u20ac<\/sup><\/div>\r\n\r\n\t\t\t\t<a href=\"https:\/\/www.camaravalencia.com\/formacion\/executive-mba\" target=\"_self\" class=\"flecha\" style=\"background-color:\"><\/a>\r\n\t\t\t<\/div>\r\n\t\t<\/div>\r\n\t\t<\/div><\/div><div class=\"elementor-column elementor-col-25\"><div class=\"elementor-widget-wrap elementor-element-populated\">\r\n\t\t<div class=\"item-oferta\" itinerario=\"0\" tipo=\"117\" area=\"143\" modalidad=\"presencial\" style=\"border-top:5px solid \">\r\n\t\t\t<a href=\"https:\/\/www.camaravalencia.com\/formacion\/master-direccion-financiera\" target=\"_self\"><img decoding=\"async\" src=\"https:\/\/www.camaravalencia.com\/wp-content\/uploads\/2023\/02\/direccionfinanciera-BANNER_DESTACADO_EN-250x200-1.jpg\" alt=\"M\u00e1ster en Direcci\u00f3n Financiera\">\r\n\t\t\t<\/a>\r\n\t\t\t<div>\r\n\t\t\t\t<div class=\"titulo_tipo\" style=\"color:\">M\u00e1ster<\/div>\r\n\t\t\t\t<div class=\"tipo\"><\/div>\r\n\t\t\t\t\t<a href=\"https:\/\/www.camaravalencia.com\/formacion\/master-direccion-financiera\" target=\"_self\">\r\n\t\t\t\t\t\t<h2>M\u00e1ster en Direcci\u00f3n Financiera<\/h2>\r\n\t\t\t\t\t<\/a>\r\n\t\t\t\t<div class=\"info\">\r\n\t\t\t\t\t<div class=\"horas\"><b>Horas: <\/b>400<\/div><div class=\"horas\"><b>Modalidad: <\/b>presencial<\/div>\r\n\r\n\t\t\t\t\t<div class=\"fecha\">23\/10\/2026 - 16\/07\/2027<\/div>\r\n\t\t\t\t<\/div>\r\n\t\t\t\t<div class=\"precio\">8.250<sup>\u20ac<\/sup><\/div>\r\n\r\n\t\t\t\t<a href=\"https:\/\/www.camaravalencia.com\/formacion\/master-direccion-financiera\" target=\"_self\" class=\"flecha\" style=\"background-color:\"><\/a>\r\n\t\t\t<\/div>\r\n\t\t<\/div>\r\n\t\t<\/div><\/div><div class=\"elementor-column elementor-col-25\"><div class=\"elementor-widget-wrap elementor-element-populated\">\r\n\t\t<div class=\"item-oferta\" itinerario=\"0\" tipo=\"117\" area=\"124\" modalidad=\"presencial\" style=\"border-top:5px solid \">\r\n\t\t\t<a href=\"https:\/\/www.camaravalencia.com\/formacion\/master-direccion-personas\" target=\"_self\"><img decoding=\"async\" src=\"https:\/\/www.camaravalencia.com\/wp-content\/uploads\/2023\/02\/250x200-px-1.png\" alt=\"M\u00e1ster en Direcci\u00f3n de Personas\">\r\n\t\t\t<\/a>\r\n\t\t\t<div>\r\n\t\t\t\t<div class=\"titulo_tipo\" style=\"color:\">M\u00e1ster<\/div>\r\n\t\t\t\t<div class=\"tipo\"><\/div>\r\n\t\t\t\t\t<a href=\"https:\/\/www.camaravalencia.com\/formacion\/master-direccion-personas\" target=\"_self\">\r\n\t\t\t\t\t\t<h2>M\u00e1ster en Direcci\u00f3n de Personas<\/h2>\r\n\t\t\t\t\t<\/a>\r\n\t\t\t\t<div class=\"info\">\r\n\t\t\t\t\t<div class=\"horas\"><b>Horas: <\/b>400<\/div><div class=\"horas\"><b>Modalidad: <\/b>presencial<\/div>\r\n\r\n\t\t\t\t\t<div class=\"fecha\">23\/10\/2026 - 17\/07\/2027<\/div>\r\n\t\t\t\t<\/div>\r\n\t\t\t\t<div class=\"precio\">8.250<sup>\u20ac<\/sup><\/div>\r\n\r\n\t\t\t\t<a href=\"https:\/\/www.camaravalencia.com\/formacion\/master-direccion-personas\" target=\"_self\" class=\"flecha\" style=\"background-color:\"><\/a>\r\n\t\t\t<\/div>\r\n\t\t<\/div>\r\n\t\t<\/div><\/div><div class=\"elementor-column elementor-col-25\"><div class=\"elementor-widget-wrap elementor-element-populated\">\r\n\t\t<div class=\"item-oferta\" itinerario=\"0\" tipo=\"117\" area=\"28\" modalidad=\"presencial\" style=\"border-top:5px solid \">\r\n\t\t\t<a href=\"https:\/\/www.camaravalencia.com\/formacion\/master-negocios-internacionales\" target=\"_self\"><img decoding=\"async\" src=\"https:\/\/www.camaravalencia.com\/wp-content\/uploads\/2024\/07\/250x200-px.png\" alt=\"M\u00e1ster en Negocios Internacionales\">\r\n\t\t\t<\/a>\r\n\t\t\t<div>\r\n\t\t\t\t<div class=\"titulo_tipo\" style=\"color:\">M\u00e1ster<\/div>\r\n\t\t\t\t<div class=\"tipo\"><\/div>\r\n\t\t\t\t\t<a href=\"https:\/\/www.camaravalencia.com\/formacion\/master-negocios-internacionales\" target=\"_self\">\r\n\t\t\t\t\t\t<h2>M\u00e1ster en Negocios Internacionales<\/h2>\r\n\t\t\t\t\t<\/a>\r\n\t\t\t\t<div class=\"info\">\r\n\t\t\t\t\t<div class=\"horas\"><b>Horas: <\/b>400<\/div><div class=\"horas\"><b>Modalidad: <\/b>presencial<\/div>\r\n\r\n\t\t\t\t\t<div class=\"fecha\">23\/10\/2026 - 09\/07\/2027<\/div>\r\n\t\t\t\t<\/div>\r\n\t\t\t\t<div class=\"precio\">8.250<sup>\u20ac<\/sup><\/div>\r\n\r\n\t\t\t\t<a href=\"https:\/\/www.camaravalencia.com\/formacion\/master-negocios-internacionales\" target=\"_self\" class=\"flecha\" style=\"background-color:\"><\/a>\r\n\t\t\t<\/div>\r\n\t\t<\/div>\r\n\t\t<\/div><\/div><div class=\"elementor-column elementor-col-25\"><div class=\"elementor-widget-wrap elementor-element-populated\">\r\n\t\t<div class=\"item-oferta\" itinerario=\"0\" tipo=\"117\" area=\"142\" modalidad=\"presencial\" style=\"border-top:5px solid \">\r\n\t\t\t<a href=\"https:\/\/www.camaravalencia.com\/formacion\/master-direccion-operaciones\" target=\"_self\"><img decoding=\"async\" src=\"https:\/\/www.camaravalencia.com\/wp-content\/uploads\/2023\/02\/mdo-250x200-1.png\" alt=\"M\u00e1ster en Direcci\u00f3n de Operaciones y Log\u00edstica\">\r\n\t\t\t<\/a>\r\n\t\t\t<div>\r\n\t\t\t\t<div class=\"titulo_tipo\" style=\"color:\">M\u00e1ster<\/div>\r\n\t\t\t\t<div class=\"tipo\"><\/div>\r\n\t\t\t\t\t<a href=\"https:\/\/www.camaravalencia.com\/formacion\/master-direccion-operaciones\" target=\"_self\">\r\n\t\t\t\t\t\t<h2>M\u00e1ster en Direcci\u00f3n de Operaciones y Log\u00edstica<\/h2>\r\n\t\t\t\t\t<\/a>\r\n\t\t\t\t<div class=\"info\">\r\n\t\t\t\t\t<div class=\"horas\"><b>Horas: <\/b>400<\/div><div class=\"horas\"><b>Modalidad: <\/b>presencial<\/div>\r\n\r\n\t\t\t\t\t<div class=\"fecha\">26\/10\/2026 - 17\/07\/2027<\/div>\r\n\t\t\t\t<\/div>\r\n\t\t\t\t<div class=\"precio\">8.250<sup>\u20ac<\/sup><\/div>\r\n\r\n\t\t\t\t<a href=\"https:\/\/www.camaravalencia.com\/formacion\/master-direccion-operaciones\" target=\"_self\" class=\"flecha\" style=\"background-color:\"><\/a>\r\n\t\t\t<\/div>\r\n\t\t<\/div>\r\n\t\t<\/div><\/div><\/div><\/div><\/div><script type=\"text\/javascript\">\r\n\r\n\taddEvent(window, \"resize\", function(event) {\r\n\r\n\t\tsetTimeout(function(){ actualiza_altos_cursos(); }, 500);\r\n\r\n\t});\r\n\r\n\tfunction actualiza_altos_cursos(){\r\n\t\tif (jQuery(window).width() >= 768) {\r\n\t\t\tvar maxHeight = 0;\r\n\r\n\t\t\tjQuery(\"#contenedor_ofertas .item-oferta\").each(function(){\r\n\t\t\t\t    if (jQuery(this).height() > maxHeight) { maxHeight = jQuery(this).height(); }\r\n\t\t\t});\r\n\t\t\t\t\t\t\r\n\t\t\tjQuery(\"#contenedor_ofertas .item-oferta\").height(maxHeight);\r\n\t\t\t\r\n\t\t\tmaxHeight = 0;\r\n\t\t\tjQuery(\"#contenedor_ofertas .item-oferta h2\").each(function(){\r\n\t\t\t\t\tif (jQuery(this).height() > maxHeight) { maxHeight = jQuery(this).height(); }\r\n\t\t\t});\r\n\t\t\t\r\n\t\t\tjQuery(\"#contenedor_ofertas .item-oferta h2\").height(maxHeight);\t\t\t\r\n\t\t\t\r\n\t\t\tmaxHeight = 0;\r\n\t\t\tjQuery(\"#contenedor_ofertas .item-oferta img\").each(function(){\r\n\t\t\t\t\tif (jQuery(this).height() > maxHeight) { maxHeight = jQuery(this).height(); }\r\n\t\t\t});\r\n\t\t\t\r\n\t\t\tjQuery(\"#contenedor_ofertas .item-oferta img\").height(maxHeight);\t\t\t\t\t\t\r\n\t\t\t\r\n\t\t}\r\n\t\telse {\r\n\t\t\tjQuery(\"#contenedor_ofertas .item-oferta\").height(\"auto\");\t\t\t\r\n\t\t\tjQuery(\"#contenedor_ofertas .item-oferta h2\").height(\"auto\");\t\t\t\r\n\t\t\tjQuery(\"#contenedor_ofertas .item-oferta img\").height(\"auto\");\t\t\t\r\n\t\t}\r\n\t}\r\n\r\n\tjQuery( document ).ready(function() {\r\n\t\t\tactualiza_altos_cursos();\r\n\t});\r\n\r\n\tjQuery( window ).load(function() {\r\n\t\t\tactualiza_altos_cursos();\r\n\t});\r\n\r\n\t<\/script>\r\n\t <\/div>\n\t\t\t\t\t\t<\/div>\n\t\t\t\t<\/div>\n\t\t\t\t\t<\/div>\n\t\t<\/div>\n\t\t\t\t\t<\/div>\n\t\t<\/section>\n\t\t\t\t<\/div>\n\t\t","protected":false},"excerpt":{"rendered":"","protected":false},"author":2,"featured_media":0,"parent":0,"menu_order":0,"comment_status":"closed","ping_status":"closed","template":"\/var\/www\/vhosts\/camaravalencia.com\/httpdocs\/wp-content\/plugins\/camara_core\/inc\/template_formacion.php","meta":{"_acf_changed":false,"footnotes":""},"class_list":["post-63054","page","type-page","status-publish","hentry"],"acf":[],"yoast_head":"<!-- This site is optimized with the Yoast SEO plugin v27.3 - https:\/\/yoast.com\/product\/yoast-seo-wordpress\/ -->\n<title>Oferta de M\u00e1ster en Valencia | C\u00e1mara Valencia<\/title>\n<meta name=\"description\" content=\"Conoce el m\u00e1ster en Valencia que m\u00e1s se adapte a tus preferencias \ud83d\udc47 Descubre las titulaciones que puedes cursar en C\u00e1mara Valencia\" \/>\n<meta name=\"robots\" content=\"index, follow, max-snippet:-1, max-image-preview:large, max-video-preview:-1\" \/>\n<link rel=\"canonical\" href=\"https:\/\/www.camaravalencia.com\/va\/masters\/\" \/>\n<meta property=\"og:locale\" content=\"en_US\" \/>\n<meta property=\"og:type\" content=\"article\" \/>\n<meta property=\"og:title\" content=\"Oferta de M\u00e1ster en Valencia | C\u00e1mara Valencia\" \/>\n<meta property=\"og:description\" content=\"Conoce el m\u00e1ster en Valencia que m\u00e1s se adapte a tus preferencias \ud83d\udc47 Descubre las titulaciones que puedes cursar en C\u00e1mara Valencia\" \/>\n<meta property=\"og:url\" content=\"https:\/\/www.camaravalencia.com\/va\/masters\" \/>\n<meta property=\"og:site_name\" content=\"C\u00e1mara de Comercio de Valencia\" \/>\n<meta property=\"article:publisher\" content=\"http:\/\/www.facebook.com\/camaracomerciovalencia\/\" \/>\n<meta property=\"article:modified_time\" content=\"2026-01-15T07:00:55+00:00\" \/>\n<meta property=\"og:image\" content=\"https:\/\/www.camaravalencia.com\/wp-content\/uploads\/2023\/01\/logo-camara-valencia-300x300-1.png\" \/>\n\t<meta property=\"og:image:width\" content=\"300\" \/>\n\t<meta property=\"og:image:height\" content=\"300\" \/>\n\t<meta property=\"og:image:type\" content=\"image\/png\" \/>\n<meta name=\"twitter:card\" content=\"summary_large_image\" \/>\n<meta name=\"twitter:site\" content=\"@camaravalencia\" \/>\n<script type=\"application\/ld+json\" class=\"yoast-schema-graph\">{\"@context\":\"https:\\\/\\\/schema.org\",\"@graph\":[{\"@type\":\"WebPage\",\"@id\":\"https:\\\/\\\/www.camaravalencia.com\\\/va\\\/masters\\\/\",\"url\":\"https:\\\/\\\/www.camaravalencia.com\\\/va\\\/masters\\\/\",\"name\":\"Oferta de M\u00e1ster en Valencia | C\u00e1mara Valencia\",\"isPartOf\":{\"@id\":\"https:\\\/\\\/www.camaravalencia.com\\\/va\\\/#website\"},\"datePublished\":\"2023-03-15T10:18:24+00:00\",\"dateModified\":\"2026-01-15T07:00:55+00:00\",\"description\":\"Conoce el m\u00e1ster en Valencia que m\u00e1s se adapte a tus preferencias \ud83d\udc47 Descubre las titulaciones que puedes cursar en C\u00e1mara Valencia\",\"breadcrumb\":{\"@id\":\"https:\\\/\\\/www.camaravalencia.com\\\/va\\\/masters\\\/#breadcrumb\"},\"inLanguage\":\"va\",\"potentialAction\":[{\"@type\":\"ReadAction\",\"target\":[\"https:\\\/\\\/www.camaravalencia.com\\\/va\\\/masters\\\/\"]}]},{\"@type\":\"BreadcrumbList\",\"@id\":\"https:\\\/\\\/www.camaravalencia.com\\\/va\\\/masters\\\/#breadcrumb\",\"itemListElement\":[{\"@type\":\"ListItem\",\"position\":1,\"name\":\"Perfil del Contratante\",\"item\":\"https:\\\/\\\/www.camaravalencia.com\\\/va\\\/\"},{\"@type\":\"ListItem\",\"position\":2,\"name\":\"M\u00e0sters\"}]},{\"@type\":\"WebSite\",\"@id\":\"https:\\\/\\\/www.camaravalencia.com\\\/va\\\/#website\",\"url\":\"https:\\\/\\\/www.camaravalencia.com\\\/va\\\/\",\"name\":\"C\u00e1mara de Comercio de Valencia\",\"description\":\"El directorio de empresas, los programas de comercio internacional, y la bolsa de trabajo son algunos de los servicios m\u00e1s destacados de la C\u00e1mara de Comercio de Valencia Pero adem\u00e1s, tendr\u00e1 a su disposici\u00f3n toda la actualidad y las noticias econ\u00f3micas, programas de creaci\u00f3n de empresas, subvenciones, licitaciones y concursos, etc\",\"publisher\":{\"@id\":\"https:\\\/\\\/www.camaravalencia.com\\\/va\\\/#organization\"},\"potentialAction\":[{\"@type\":\"SearchAction\",\"target\":{\"@type\":\"EntryPoint\",\"urlTemplate\":\"https:\\\/\\\/www.camaravalencia.com\\\/va\\\/?s={search_term_string}\"},\"query-input\":{\"@type\":\"PropertyValueSpecification\",\"valueRequired\":true,\"valueName\":\"search_term_string\"}}],\"inLanguage\":\"va\"},{\"@type\":\"Organization\",\"@id\":\"https:\\\/\\\/www.camaravalencia.com\\\/va\\\/#organization\",\"name\":\"C\u00e1mara de Comercio de Valencia\",\"url\":\"https:\\\/\\\/www.camaravalencia.com\\\/va\\\/\",\"logo\":{\"@type\":\"ImageObject\",\"inLanguage\":\"va\",\"@id\":\"https:\\\/\\\/www.camaravalencia.com\\\/va\\\/#\\\/schema\\\/logo\\\/image\\\/\",\"url\":\"https:\\\/\\\/www.camaravalencia.com\\\/wp-content\\\/uploads\\\/2023\\\/01\\\/logo-camara-valencia-300x300-1.png\",\"contentUrl\":\"https:\\\/\\\/www.camaravalencia.com\\\/wp-content\\\/uploads\\\/2023\\\/01\\\/logo-camara-valencia-300x300-1.png\",\"width\":300,\"height\":300,\"caption\":\"C\u00e1mara de Comercio de Valencia\"},\"image\":{\"@id\":\"https:\\\/\\\/www.camaravalencia.com\\\/va\\\/#\\\/schema\\\/logo\\\/image\\\/\"},\"sameAs\":[\"http:\\\/\\\/www.facebook.com\\\/camaracomerciovalencia\\\/\",\"https:\\\/\\\/x.com\\\/camaravalencia\",\"https:\\\/\\\/www.youtube.com\\\/user\\\/CamaraVLC\",\"https:\\\/\\\/www.pinterest.es\\\/empleoytalento\\\/\",\"https:\\\/\\\/www.linkedin.com\\\/company\\\/camara-valencia\\\/\"]}]}<\/script>\n<!-- \/ Yoast SEO plugin. -->","yoast_head_json":{"title":"Oferta de M\u00e1ster en Valencia | C\u00e1mara Valencia","description":"Conoce el m\u00e1ster en Valencia que m\u00e1s se adapte a tus preferencias \ud83d\udc47 Descubre las titulaciones que puedes cursar en C\u00e1mara Valencia","robots":{"index":"index","follow":"follow","max-snippet":"max-snippet:-1","max-image-preview":"max-image-preview:large","max-video-preview":"max-video-preview:-1"},"canonical":"https:\/\/www.camaravalencia.com\/va\/masters\/","og_locale":"en_US","og_type":"article","og_title":"Oferta de M\u00e1ster en Valencia | C\u00e1mara Valencia","og_description":"Conoce el m\u00e1ster en Valencia que m\u00e1s se adapte a tus preferencias \ud83d\udc47 Descubre las titulaciones que puedes cursar en C\u00e1mara Valencia","og_url":"https:\/\/www.camaravalencia.com\/va\/masters","og_site_name":"C\u00e1mara de Comercio de Valencia","article_publisher":"http:\/\/www.facebook.com\/camaracomerciovalencia\/","article_modified_time":"2026-01-15T07:00:55+00:00","og_image":[{"width":300,"height":300,"url":"https:\/\/www.camaravalencia.com\/wp-content\/uploads\/2023\/01\/logo-camara-valencia-300x300-1.png","type":"image\/png"}],"twitter_card":"summary_large_image","twitter_site":"@camaravalencia","schema":{"@context":"https:\/\/schema.org","@graph":[{"@type":"WebPage","@id":"https:\/\/www.camaravalencia.com\/va\/masters\/","url":"https:\/\/www.camaravalencia.com\/va\/masters\/","name":"Oferta de M\u00e1ster en Valencia | C\u00e1mara Valencia","isPartOf":{"@id":"https:\/\/www.camaravalencia.com\/va\/#website"},"datePublished":"2023-03-15T10:18:24+00:00","dateModified":"2026-01-15T07:00:55+00:00","description":"Conoce el m\u00e1ster en Valencia que m\u00e1s se adapte a tus preferencias \ud83d\udc47 Descubre las titulaciones que puedes cursar en C\u00e1mara Valencia","breadcrumb":{"@id":"https:\/\/www.camaravalencia.com\/va\/masters\/#breadcrumb"},"inLanguage":"va","potentialAction":[{"@type":"ReadAction","target":["https:\/\/www.camaravalencia.com\/va\/masters\/"]}]},{"@type":"BreadcrumbList","@id":"https:\/\/www.camaravalencia.com\/va\/masters\/#breadcrumb","itemListElement":[{"@type":"ListItem","position":1,"name":"Perfil del Contratante","item":"https:\/\/www.camaravalencia.com\/va\/"},{"@type":"ListItem","position":2,"name":"M\u00e0sters"}]},{"@type":"WebSite","@id":"https:\/\/www.camaravalencia.com\/va\/#website","url":"https:\/\/www.camaravalencia.com\/va\/","name":"C\u00e1mara de Comercio de Valencia","description":"El directorio de empresas, los programas de comercio internacional, y la bolsa de trabajo son algunos de los servicios m\u00e1s destacados de la C\u00e1mara de Comercio de Valencia Pero adem\u00e1s, tendr\u00e1 a su disposici\u00f3n toda la actualidad y las noticias econ\u00f3micas, programas de creaci\u00f3n de empresas, subvenciones, licitaciones y concursos, etc","publisher":{"@id":"https:\/\/www.camaravalencia.com\/va\/#organization"},"potentialAction":[{"@type":"SearchAction","target":{"@type":"EntryPoint","urlTemplate":"https:\/\/www.camaravalencia.com\/va\/?s={search_term_string}"},"query-input":{"@type":"PropertyValueSpecification","valueRequired":true,"valueName":"search_term_string"}}],"inLanguage":"va"},{"@type":"Organization","@id":"https:\/\/www.camaravalencia.com\/va\/#organization","name":"C\u00e1mara de Comercio de Valencia","url":"https:\/\/www.camaravalencia.com\/va\/","logo":{"@type":"ImageObject","inLanguage":"va","@id":"https:\/\/www.camaravalencia.com\/va\/#\/schema\/logo\/image\/","url":"https:\/\/www.camaravalencia.com\/wp-content\/uploads\/2023\/01\/logo-camara-valencia-300x300-1.png","contentUrl":"https:\/\/www.camaravalencia.com\/wp-content\/uploads\/2023\/01\/logo-camara-valencia-300x300-1.png","width":300,"height":300,"caption":"C\u00e1mara de Comercio de Valencia"},"image":{"@id":"https:\/\/www.camaravalencia.com\/va\/#\/schema\/logo\/image\/"},"sameAs":["http:\/\/www.facebook.com\/camaracomerciovalencia\/","https:\/\/x.com\/camaravalencia","https:\/\/www.youtube.com\/user\/CamaraVLC","https:\/\/www.pinterest.es\/empleoytalento\/","https:\/\/www.linkedin.com\/company\/camara-valencia\/"]}]}},"_links":{"self":[{"href":"https:\/\/www.camaravalencia.com\/va\/wp-json\/wp\/v2\/pages\/63054","targetHints":{"allow":["GET"]}}],"collection":[{"href":"https:\/\/www.camaravalencia.com\/va\/wp-json\/wp\/v2\/pages"}],"about":[{"href":"https:\/\/www.camaravalencia.com\/va\/wp-json\/wp\/v2\/types\/page"}],"author":[{"embeddable":true,"href":"https:\/\/www.camaravalencia.com\/va\/wp-json\/wp\/v2\/users\/2"}],"replies":[{"embeddable":true,"href":"https:\/\/www.camaravalencia.com\/va\/wp-json\/wp\/v2\/comments?post=63054"}],"version-history":[{"count":1,"href":"https:\/\/www.camaravalencia.com\/va\/wp-json\/wp\/v2\/pages\/63054\/revisions"}],"predecessor-version":[{"id":63055,"href":"https:\/\/www.camaravalencia.com\/va\/wp-json\/wp\/v2\/pages\/63054\/revisions\/63055"}],"wp:attachment":[{"href":"https:\/\/www.camaravalencia.com\/va\/wp-json\/wp\/v2\/media?parent=63054"}],"curies":[{"name":"wp","href":"https:\/\/api.w.org\/{rel}","templated":true}]}}